{"id":7,"date":"2016-07-06T12:58:44","date_gmt":"2016-07-06T09:58:44","guid":{"rendered":"http:\/\/woodtool.fi\/?page_id=7&#038;lang=sv"},"modified":"2026-01-29T13:36:47","modified_gmt":"2026-01-29T11:36:47","slug":"woodtool","status":"publish","type":"page","link":"https:\/\/woodtool.fi\/sv\/","title":{"rendered":"Woodtool"},"content":{"rendered":"<p>[et_pb_section fb_built=&#8221;1&#8243; inner_shadow=&#8221;on&#8221; fullwidth=&#8221;on&#8221; custom_padding_last_edited=&#8221;on|desktop&#8221; admin_label=&#8221;Osio&#8221; _builder_version=&#8221;4.27.5&#8243; background_color=&#8221;rgba(255,255,255,0)&#8221; use_background_color_gradient=&#8221;on&#8221; background_color_gradient_stops=&#8221;#820000 0%|#333 100%&#8221; background_color_gradient_start=&#8221;#820000&#8243; background_color_gradient_end=&#8221;#333&#8243; custom_padding_tablet=&#8221;50px|0|50px|0&#8243; custom_padding_phone=&#8221;&#8221; transparent_background=&#8221;on&#8221; padding_mobile=&#8221;off&#8221; make_fullwidth=&#8221;off&#8221; use_custom_width=&#8221;off&#8221; width_unit=&#8221;on&#8221; global_colors_info=&#8221;{}&#8221;][et_pb_fullwidth_slider show_arrows=&#8221;off&#8221; show_pagination=&#8221;off&#8221; admin_label=&#8221;Helsides bildspel&#8221; _builder_version=&#8221;4.16&#8243; custom_padding=&#8221;|||&#8221; custom_padding_tablet=&#8221;|||&#8221; custom_padding_phone=&#8221;|||&#8221; box_shadow_style=&#8221;preset6&#8243; box_shadow_blur=&#8221;10px&#8221; box_shadow_color=&#8221;rgba(0,0,0,0.1)&#8221; remove_inner_shadow=&#8221;off&#8221; hide_content_on_mobile=&#8221;off&#8221; hide_cta_on_mobile=&#8221;off&#8221; show_inner_shadow=&#8221;on&#8221; button_letter_spacing_hover=&#8221;0&#8243; global_colors_info=&#8221;{}&#8221; button_text_size__hover_enabled=&#8221;off&#8221; button_one_text_size__hover_enabled=&#8221;off&#8221; button_two_text_size__hover_enabled=&#8221;off&#8221; button_text_color__hover_enabled=&#8221;off&#8221; button_one_text_color__hover_enabled=&#8221;off&#8221; button_two_text_color__hover_enabled=&#8221;off&#8221; button_border_width__hover_enabled=&#8221;off&#8221; button_one_border_width__hover_enabled=&#8221;off&#8221; button_two_border_width__hover_enabled=&#8221;off&#8221; button_border_color__hover_enabled=&#8221;off&#8221; button_one_border_color__hover_enabled=&#8221;off&#8221; button_two_border_color__hover_enabled=&#8221;off&#8221; button_border_radius__hover_enabled=&#8221;off&#8221; button_one_border_radius__hover_enabled=&#8221;off&#8221; button_two_border_radius__hover_enabled=&#8221;off&#8221; button_letter_spacing__hover_enabled=&#8221;on&#8221; button_letter_spacing__hover=&#8221;0&#8243; button_one_letter_spacing__hover_enabled=&#8221;off&#8221; button_two_letter_spacing__hover_enabled=&#8221;off&#8221; button_bg_color__hover_enabled=&#8221;off&#8221; button_one_bg_color__hover_enabled=&#8221;off&#8221; button_two_bg_color__hover_enabled=&#8221;off&#8221;][et_pb_slide heading=&#8221;WOODTOOL&#8221; image=&#8221;https:\/\/woodtool.fi\/wp-content\/uploads\/2016\/07\/woodtool-1.jpg&#8221; use_bg_overlay=&#8221;off&#8221; use_text_overlay=&#8221;off&#8221; image_alt=&#8221;Woodtool&#8221; _builder_version=&#8221;4.16&#8243; header_font=&#8221;||||&#8221; header_font_size=&#8221;48&#8243; body_font=&#8221;||||&#8221; background_color=&#8221;rgba(0,0,0,0.5)&#8221; button_icon_placement=&#8221;right&#8221; button_on_hover=&#8221;on&#8221; header_font_size_tablet=&#8221;48&#8243; header_font_size_phone=&#8221;48&#8243; global_colors_info=&#8221;{}&#8221; button_text_size__hover_enabled=&#8221;off&#8221; button_one_text_size__hover_enabled=&#8221;off&#8221; button_two_text_size__hover_enabled=&#8221;off&#8221; button_text_color__hover_enabled=&#8221;off&#8221; button_one_text_color__hover_enabled=&#8221;off&#8221; button_two_text_color__hover_enabled=&#8221;off&#8221; button_border_width__hover_enabled=&#8221;off&#8221; button_one_border_width__hover_enabled=&#8221;off&#8221; button_two_border_width__hover_enabled=&#8221;off&#8221; button_border_color__hover_enabled=&#8221;off&#8221; button_one_border_color__hover_enabled=&#8221;off&#8221; button_two_border_color__hover_enabled=&#8221;off&#8221; button_border_radius__hover_enabled=&#8221;off&#8221; button_one_border_radius__hover_enabled=&#8221;off&#8221; button_two_border_radius__hover_enabled=&#8221;off&#8221; button_letter_spacing__hover_enabled=&#8221;off&#8221; button_one_letter_spacing__hover_enabled=&#8221;off&#8221; button_two_letter_spacing__hover_enabled=&#8221;off&#8221; button_bg_color__hover_enabled=&#8221;off&#8221; button_one_bg_color__hover_enabled=&#8221;off&#8221; button_two_bg_color__hover_enabled=&#8221;off&#8221; sticky_transition=&#8221;on&#8221;]<\/p>\n<h2 style=\"text-align: left;\">Snickeriarbeten tillverkade av ett litet familjef\u00f6retag i \u00c5bolands sk\u00e4rg\u00e5rd.<\/h2>\n<div>\n<p>V\u00e5r verkstad befinner sig i Nagu men vi betj\u00e4nar v\u00e5ra kunder i hela \u00c5bo trakten.<\/p>\n<p>Vi tillverkar snickeriarbeten enligt v\u00e5ra kunders behov, och planeringen g\u00f6rs tillsammans med kunden enligt behov och \u00f6nskem\u00e5l.<\/p>\n<\/div>\n<p>[\/et_pb_slide][\/et_pb_fullwidth_slider][\/et_pb_section][et_pb_section fb_built=&#8221;1&#8243; custom_padding_last_edited=&#8221;on|desktop&#8221; admin_label=&#8221;section&#8221; module_id=&#8221;snickeriprodukter&#8221; _builder_version=&#8221;4.16&#8243; background_color=&#8221;#ffffff&#8221; custom_padding_tablet=&#8221;50px|0|50px|0&#8243; custom_padding_phone=&#8221;&#8221; transparent_background=&#8221;off&#8221; padding_mobile=&#8221;off&#8221; make_fullwidth=&#8221;off&#8221; use_custom_width=&#8221;off&#8221; width_unit=&#8221;on&#8221; global_colors_info=&#8221;{}&#8221;][et_pb_row _builder_version=&#8221;4.16&#8243; background_size=&#8221;initial&#8221; background_position=&#8221;top_left&#8221; background_repeat=&#8221;repeat&#8221; global_colors_info=&#8221;{}&#8221;][et_pb_column type=&#8221;4_4&#8243; _builder_version=&#8221;4.16&#8243; custom_padding=&#8221;|||&#8221; global_colors_info=&#8221;{}&#8221; custom_padding__hover=&#8221;|||&#8221;][et_pb_text _builder_version=&#8221;4.16&#8243; background_size=&#8221;initial&#8221; background_position=&#8221;top_left&#8221; background_repeat=&#8221;repeat&#8221; text_orientation=&#8221;center&#8221; module_alignment=&#8221;center&#8221; use_border_color=&#8221;off&#8221; border_color=&#8221;#ffffff&#8221; border_style=&#8221;solid&#8221; global_colors_info=&#8221;{}&#8221;]<\/p>\n<h2>SNICKERIPRODUKTER OCH TJ\u00c4NSTER<\/h2>\n<div>\n<p>Vi tillverkar som handarbete produkter av massivt tr\u00e4 t.ex trappor, f\u00f6nster, d\u00f6rrar och m\u00f6bler samt utf\u00f6r hyvling av panel. Till v\u00e5r service h\u00f6r planering, tillverkning, ytbehandling samt vid behov rivande av gammalt och installation av den nya produkten.\u00a0V\u00e5ra kunder best\u00e5r b\u00e5de av f\u00f6retag och hush\u00e5ll.<\/p>\n<\/div>\n<p>[\/et_pb_text][\/et_pb_column][\/et_pb_row][et_pb_row column_structure=&#8221;1_4,1_4,1_4,1_4&#8243; padding_mobile=&#8221;off&#8221; column_padding_mobile=&#8221;on&#8221; admin_label=&#8221;row&#8221; module_id=&#8221;tyonaytteet&#8221; _builder_version=&#8221;4.16&#8243; background_size=&#8221;initial&#8221; background_position=&#8221;top_left&#8221; background_repeat=&#8221;repeat&#8221; make_fullwidth=&#8221;off&#8221; use_custom_width=&#8221;off&#8221; width_unit=&#8221;on&#8221; global_colors_info=&#8221;{}&#8221;][et_pb_column type=&#8221;1_4&#8243; _builder_version=&#8221;4.16&#8243; custom_padding=&#8221;|||&#8221; global_colors_info=&#8221;{}&#8221; custom_padding__hover=&#8221;|||&#8221;][et_pb_blurb title=&#8221;Trappor&#8221; image=&#8221;https:\/\/woodtool.fi\/wp-content\/uploads\/2016\/07\/portaat.jpg&#8221; image_icon_width=&#8221;none&#8221; admin_label=&#8221;Trappor&#8221; _builder_version=&#8221;4.16&#8243; header_font_size=&#8221;21&#8243; background_size=&#8221;initial&#8221; background_position=&#8221;top_left&#8221; background_repeat=&#8221;repeat&#8221; text_orientation=&#8221;center&#8221; use_border_color=&#8221;off&#8221; border_color=&#8221;#ffffff&#8221; border_style=&#8221;solid&#8221; image_max_width=&#8221;none&#8221; circle_border_color=&#8221;#e0e0e0&#8243; global_colors_info=&#8221;{}&#8221;]Massiva tr\u00e4trappor med r\u00e4ck och handled. Ytbehandlade eller tr\u00e4f\u00e4rdiga. Allt enligt kundens \u00f6nskem\u00e5l.<br \/>\n[\/et_pb_blurb][\/et_pb_column][et_pb_column type=&#8221;1_4&#8243; _builder_version=&#8221;4.16&#8243; custom_padding=&#8221;|||&#8221; global_colors_info=&#8221;{}&#8221; custom_padding__hover=&#8221;|||&#8221;][et_pb_blurb title=&#8221;M\u00f6bler&#8221; image=&#8221;https:\/\/woodtool.fi\/wp-content\/uploads\/2016\/07\/kalusteet.jpg&#8221; image_icon_width=&#8221;none&#8221; admin_label=&#8221;M\u00f6bler&#8221; _builder_version=&#8221;4.16&#8243; header_font_size=&#8221;21&#8243; background_size=&#8221;initial&#8221; background_position=&#8221;top_left&#8221; background_repeat=&#8221;repeat&#8221; text_orientation=&#8221;center&#8221; use_border_color=&#8221;off&#8221; border_color=&#8221;#ffffff&#8221; border_style=&#8221;solid&#8221; image_max_width=&#8221;none&#8221; circle_border_color=&#8221;#e0e0e0&#8243; global_colors_info=&#8221;{}&#8221;]Vi snickrar t.ex. bord, sk\u00e5p, s\u00e4ngar enligt kundens \u00f6nskan.<br \/>\n[\/et_pb_blurb][\/et_pb_column][et_pb_column type=&#8221;1_4&#8243; _builder_version=&#8221;4.16&#8243; custom_padding=&#8221;|||&#8221; global_colors_info=&#8221;{}&#8221; custom_padding__hover=&#8221;|||&#8221;][et_pb_blurb title=&#8221;D\u00f6rrar&#8221; image=&#8221;https:\/\/woodtool.fi\/wp-content\/uploads\/2016\/07\/ovet.jpg&#8221; image_icon_width=&#8221;none&#8221; admin_label=&#8221;D\u00f6rrar&#8221; _builder_version=&#8221;4.16&#8243; header_font_size=&#8221;21&#8243; background_size=&#8221;initial&#8221; background_position=&#8221;top_left&#8221; background_repeat=&#8221;repeat&#8221; text_orientation=&#8221;center&#8221; use_border_color=&#8221;off&#8221; border_color=&#8221;#ffffff&#8221; border_style=&#8221;solid&#8221; image_max_width=&#8221;none&#8221; circle_border_color=&#8221;#e0e0e0&#8243; global_colors_info=&#8221;{}&#8221;]D\u00f6rrar av massivt tr\u00e4, inner- eller ytterd\u00f6rrar. T.ex med spegel, panel eller glas.<br \/>\n[\/et_pb_blurb][\/et_pb_column][et_pb_column type=&#8221;1_4&#8243; _builder_version=&#8221;4.16&#8243; custom_padding=&#8221;|||&#8221; global_colors_info=&#8221;{}&#8221; custom_padding__hover=&#8221;|||&#8221;][et_pb_blurb title=&#8221;F\u00f6nster&#8221; image=&#8221;https:\/\/woodtool.fi\/wp-content\/uploads\/2016\/07\/ikkunat.jpg&#8221; image_icon_width=&#8221;none&#8221; admin_label=&#8221;F\u00f6nster&#8221; _builder_version=&#8221;4.16&#8243; background_size=&#8221;initial&#8221; background_position=&#8221;top_left&#8221; background_repeat=&#8221;repeat&#8221; text_orientation=&#8221;center&#8221; use_border_color=&#8221;off&#8221; border_color=&#8221;#ffffff&#8221; border_style=&#8221;solid&#8221; image_max_width=&#8221;none&#8221; global_colors_info=&#8221;{}&#8221;]F\u00f6nster enligt gammal modell med spr\u00f6js eller utan. Ocks\u00e5 med v\u00e4rmeglas.<br \/>\n[\/et_pb_blurb][\/et_pb_column][\/et_pb_row][\/et_pb_section][et_pb_section fb_built=&#8221;1&#8243; custom_padding_last_edited=&#8221;on|desktop&#8221; module_id=&#8221;referensarbeten&#8221; _builder_version=&#8221;4.16&#8243; background_color=&#8221;#f0f0f0&#8243; custom_padding_tablet=&#8221;50px|0|50px|0&#8243; custom_padding_phone=&#8221;&#8221; transparent_background=&#8221;off&#8221; padding_mobile=&#8221;off&#8221; make_fullwidth=&#8221;off&#8221; use_custom_width=&#8221;off&#8221; width_unit=&#8221;on&#8221; global_colors_info=&#8221;{}&#8221;][et_pb_row padding_mobile=&#8221;off&#8221; column_padding_mobile=&#8221;on&#8221; _builder_version=&#8221;4.16&#8243; background_size=&#8221;initial&#8221; background_position=&#8221;top_left&#8221; background_repeat=&#8221;repeat&#8221; make_fullwidth=&#8221;off&#8221; use_custom_width=&#8221;off&#8221; width_unit=&#8221;on&#8221; global_colors_info=&#8221;{}&#8221;][et_pb_column type=&#8221;4_4&#8243; _builder_version=&#8221;4.16&#8243; custom_padding=&#8221;|||&#8221; global_colors_info=&#8221;{}&#8221; custom_padding__hover=&#8221;|||&#8221;][et_pb_text _builder_version=&#8221;4.16&#8243; background_size=&#8221;initial&#8221; background_position=&#8221;top_left&#8221; background_repeat=&#8221;repeat&#8221; text_orientation=&#8221;center&#8221; module_alignment=&#8221;center&#8221; use_border_color=&#8221;off&#8221; border_color=&#8221;#ffffff&#8221; border_style=&#8221;solid&#8221; global_colors_info=&#8221;{}&#8221;]<\/p>\n<h3>Referensarbeten<\/h3>\n<p>&nbsp;<br \/>\n[\/et_pb_text][et_pb_filterable_portfolio fullwidth=&#8221;off&#8221; posts_number=&#8221;12&#8243; include_categories=&#8221;11,9,10,8&#8243; _builder_version=&#8221;4.16&#8243; background_size=&#8221;initial&#8221; background_position=&#8221;top_left&#8221; background_repeat=&#8221;repeat&#8221; use_border_color=&#8221;off&#8221; border_color=&#8221;#ffffff&#8221; border_style=&#8221;solid&#8221; global_colors_info=&#8221;{}&#8221;]&nbsp;<br \/>\n[\/et_pb_filterable_portfolio][\/et_pb_column][\/et_pb_row][\/et_pb_section][et_pb_section fb_built=&#8221;1&#8243; custom_padding_last_edited=&#8221;on|desktop&#8221; module_id=&#8221;ta-kontakt&#8221; _builder_version=&#8221;4.16&#8243; background_color=&#8221;#ffffff&#8221; custom_padding_tablet=&#8221;50px|0|50px|0&#8243; custom_padding_phone=&#8221;&#8221; transparent_background=&#8221;off&#8221; padding_mobile=&#8221;off&#8221; make_fullwidth=&#8221;off&#8221; use_custom_width=&#8221;off&#8221; width_unit=&#8221;on&#8221; global_colors_info=&#8221;{}&#8221;][et_pb_row column_structure=&#8221;1_2,1_2&#8243; _builder_version=&#8221;4.16&#8243; background_size=&#8221;initial&#8221; background_position=&#8221;top_left&#8221; background_repeat=&#8221;repeat&#8221; global_colors_info=&#8221;{}&#8221;][et_pb_column type=&#8221;1_2&#8243; _builder_version=&#8221;4.16&#8243; custom_padding=&#8221;|||&#8221; global_colors_info=&#8221;{}&#8221; custom_padding__hover=&#8221;|||&#8221;][et_pb_text _builder_version=&#8221;4.16&#8243; background_size=&#8221;initial&#8221; background_position=&#8221;top_left&#8221; background_repeat=&#8221;repeat&#8221; use_border_color=&#8221;off&#8221; global_colors_info=&#8221;{}&#8221;]<\/p>\n<h3>Ta kontakt<\/h3>\n<p><strong>PM WOODTOOL AB OY<\/strong><\/p>\n<p><strong>Adress:<\/strong>\u00a0Skjutbanev\u00e4gen\u00a01-1<br \/>21650 LILLANDET<\/p>\n<p><strong>Telefon (Petri):<\/strong>\u00a00400 814 160<\/p>\n<p><strong>Telefon (Marika):<\/strong> 040 751 9313<\/p>\n<p><a href=\"mailto:info@woodtool.fi\"><strong>E-post:<\/strong> info@woodtool.fi<\/a><\/p>\n<p>[\/et_pb_text][et_pb_divider show_divider=&#8221;off&#8221; disabled_on=&#8221;on|on|off&#8221; _builder_version=&#8221;4.16&#8243; height=&#8221;20px&#8221; hide_on_mobile=&#8221;on&#8221; global_colors_info=&#8221;{}&#8221;]&nbsp;<br \/>\n[\/et_pb_divider][\/et_pb_column][et_pb_column type=&#8221;1_2&#8243; _builder_version=&#8221;4.16&#8243; custom_padding=&#8221;|||&#8221; global_colors_info=&#8221;{}&#8221; custom_padding__hover=&#8221;|||&#8221;][et_pb_text _builder_version=&#8221;4.16&#8243; background_size=&#8221;initial&#8221; background_position=&#8221;top_left&#8221; background_repeat=&#8221;repeat&#8221; use_border_color=&#8221;off&#8221; border_color=&#8221;#ffffff&#8221; border_style=&#8221;solid&#8221; global_colors_info=&#8221;{}&#8221;]<iframe style=\"border: 0;\" src=\"https:\/\/www.google.com\/maps\/embed?pb=!1m18!1m12!1m3!1d1983.6897191743044!2d21.974980316183263!3d60.18586788196669!2m3!1f0!2f0!3f0!3m2!1i1024!2i768!4f13.1!3m3!1m2!1s0x468c81bafa5479ef%3A0x3ff936a8da066e46!2sSkjutbanev%C3%A4gen+1%2C+21650+Pargas%2C+Finland!5e0!3m2!1ssv!2sse!4v1471605011129\" width=\"600\" height=\"494\" frameborder=\"0\" allowfullscreen=\"allowfullscreen\"><\/iframe><br \/>\n[\/et_pb_text][\/et_pb_column][\/et_pb_row][\/et_pb_section]<\/p>\n","protected":false},"excerpt":{"rendered":"<p>Snickeriarbeten tillverkade av ett litet familjef\u00f6retag i \u00c5bolands sk\u00e4rg\u00e5rd. V\u00e5r verkstad befinner sig i Nagu men vi betj\u00e4nar v\u00e5ra kunder i hela \u00c5bo trakten. Vi tillverkar snickeriarbeten enligt v\u00e5ra kunders behov, och planeringen g\u00f6rs tillsammans med kunden enligt behov och \u00f6nskem\u00e5l. SNICKERIPRODUKTER OCH TJ\u00c4NSTER Vi tillverkar som handarbete produkter av massivt tr\u00e4 t.ex trappor, f\u00f6nster, [&hellip;]<\/p>\n","protected":false},"author":1,"featured_media":0,"parent":0,"menu_order":0,"comment_status":"closed","ping_status":"closed","template":"","meta":{"_et_pb_use_builder":"on","_et_pb_old_content":"<p>T\u00e4m\u00e4 on esimerkkisivu. Se eroaa artikkelista siten, ett\u00e4 se pysyy paikallaan ja n\u00e4kyy sivustosi navigointivalikossa (useimmissa teemoissa). Useimmat aloittavat Tietoja-sivulla, joka esittelee sivuston kirjoittajan mahdollisille lukijoille, esimerkiksi n\u00e4in:<\/p><blockquote><p>Moro! P\u00e4ivisin jaan postia, iltaisin olen menestyv\u00e4 stand-up-koomikko. T\u00e4m\u00e4 on minun blogini! Asun Tampereella kissani kanssa ja tykk\u00e4\u00e4n Sihi-juomasta.<\/p><\/blockquote><p>...tai jotain t\u00e4llaista:<\/p><blockquote><p>XYZ H\u00e4rp\u00e4keyritys Oy perustettiin vuonna 1971 ja on siit\u00e4 l\u00e4htien ollut maan merkitt\u00e4vin h\u00e4rp\u00e4kkeiden toimittaja. Kotipaikkamme on Ankkalinna ja ty\u00f6llist\u00e4mme yli 3000 ihmist\u00e4.<\/p><\/blockquote><p>Olet uusi WordPress-k\u00e4ytt\u00e4j\u00e4, joten kipaisepa <a href=\"http:\/\/woodtool.fi\/wp-admin\/\">hallintan\u00e4kym\u00e4\u00e4si<\/a> poistamaan tai muokkaamaan t\u00e4t\u00e4 sivua, ja luomaan uusia sivuja. Pid\u00e4 hauskaa!<\/p>","_et_gb_content_width":"","footnotes":""},"class_list":["post-7","page","type-page","status-publish","hentry"],"_links":{"self":[{"href":"https:\/\/woodtool.fi\/sv\/wp-json\/wp\/v2\/pages\/7","targetHints":{"allow":["GET"]}}],"collection":[{"href":"https:\/\/woodtool.fi\/sv\/wp-json\/wp\/v2\/pages"}],"about":[{"href":"https:\/\/woodtool.fi\/sv\/wp-json\/wp\/v2\/types\/page"}],"author":[{"embeddable":true,"href":"https:\/\/woodtool.fi\/sv\/wp-json\/wp\/v2\/users\/1"}],"replies":[{"embeddable":true,"href":"https:\/\/woodtool.fi\/sv\/wp-json\/wp\/v2\/comments?post=7"}],"version-history":[{"count":4,"href":"https:\/\/woodtool.fi\/sv\/wp-json\/wp\/v2\/pages\/7\/revisions"}],"predecessor-version":[{"id":975,"href":"https:\/\/woodtool.fi\/sv\/wp-json\/wp\/v2\/pages\/7\/revisions\/975"}],"wp:attachment":[{"href":"https:\/\/woodtool.fi\/sv\/wp-json\/wp\/v2\/media?parent=7"}],"curies":[{"name":"wp","href":"https:\/\/api.w.org\/{rel}","templated":true}]}}